{"id":1220,"date":"2024-07-13T08:52:19","date_gmt":"2024-07-13T08:52:19","guid":{"rendered":"https:\/\/canpac.net\/lien-he-voi-chung-toi\/"},"modified":"2024-11-12T04:26:02","modified_gmt":"2024-11-12T04:26:02","slug":"lien-he-voi-chung-toi","status":"publish","type":"page","link":"https:\/\/www.canpac.net\/vi\/lien-he-voi-chung-toi\/","title":{"rendered":"Li\u00ean h\u1ec7"},"content":{"rendered":"<div class=\"row\"  id=\"row-1273472055\">\n\n\t<div id=\"col-370827536\" class=\"col medium-12 small-12 large-12\"  >\n\t\t\t\t<div class=\"col-inner\" style=\"background-color:rgb(255,255,255);\" >\n\t\t\t\n\t\t\t\n<span class=\"scroll-to\" data-label=\"Scroll to: #send-message\" data-bullet=\"true\" data-link=\"#send-message\" data-title=\"G\u1eedi tin nh\u1eafn\" ><a name=\"send-message\"><\/a><\/span>\n\t<div id=\"gap-2016923741\" class=\"gap-element clearfix\" style=\"display:block; height:auto;\">\n\t\t\n<style>\n#gap-2016923741 {\n  padding-top: 30px;\n}\n<\/style>\n\t<\/div>\n\t\n<h2><span style=\"font-size: 120%;\">\u0110\u1eb7t c\u00e2u h\u1ecfi ho\u1eb7c y\u00eau c\u1ea7u g\u1ecdi l\u1ea1i?<\/span><\/h2>\n<div class=\"wpforms-container wpforms-container-full wpforms-render-modern\" id=\"wpforms-1688\"><form id=\"wpforms-form-1688\" class=\"wpforms-validate wpforms-form wpforms-ajax-form\" data-formid=\"1688\" method=\"post\" enctype=\"multipart\/form-data\" action=\"\/vi\/wp-json\/wp\/v2\/pages\/1220\" data-token=\"333d1f4e179d6e0af19f8fd6eaed2d95\" data-token-time=\"1777573324\"><noscript class=\"wpforms-error-noscript\">Please enable JavaScript in your browser to complete this form.<\/noscript><div class=\"wpforms-hidden\" id=\"wpforms-error-noscript\">Please enable JavaScript in your browser to complete this form.<\/div><div class=\"wpforms-field-container\"><div id=\"wpforms-1688-field_4-container\" class=\"wpforms-field wpforms-field-text\" data-field-id=\"4\"><label class=\"wpforms-field-label\" for=\"wpforms-1688-field_4\">T\u00ean t\u1ed5 ch\u1ee9c doanh nghi\u1ec7p - c\u00f4ng ty \/ c\u01a1 s\u1edf <span class=\"wpforms-required-label\" aria-hidden=\"true\">*<\/span><\/label><input type=\"text\" id=\"wpforms-1688-field_4\" class=\"wpforms-field-large wpforms-field-required\" name=\"wpforms[fields][4]\" aria-errormessage=\"wpforms-1688-field_4-error\" required><\/div><div id=\"wpforms-1688-field_5-container\" class=\"wpforms-field wpforms-field-address\" data-field-id=\"5\"><fieldset><legend class=\"wpforms-field-label\">\u0110\u1ecba ch\u1ec9<\/legend><div class=\"wpforms-field-row wpforms-field-large\"><div ><input type=\"text\" id=\"wpforms-1688-field_5\" class=\"wpforms-field-address-address1\" name=\"wpforms[fields][5][address1]\" placeholder=\"S\u1ed1 ph\u00f2ng\/t\u1ea7ng, T\u00ean t\u00f2a nh\u00e0, S\u1ed1 nh\u00e0, T\u00ean \u0111\u01b0\u1eddng\/ph\u1ed1, Ph\u01b0\u1eddng\/x\u00e3\/th\u1ecb tr\u1ea5n, Qu\u1eadn\/huy\u1ec7n\" aria-errormessage=\"wpforms-1688-field_5-error\" ><label for=\"wpforms-1688-field_5\" class=\"wpforms-field-sublabel after wpforms-sublabel-hide\">Address Line 1<\/label><\/div><\/div><div class=\"wpforms-field-row wpforms-field-large\"><div class=\"wpforms-field-row-block wpforms-one-half wpforms-first\"><input type=\"text\" id=\"wpforms-1688-field_5-city\" class=\"wpforms-field-address-city\" name=\"wpforms[fields][5][city]\" placeholder=\"T\u00ean th\u00e0nh ph\u1ed1\" aria-errormessage=\"wpforms-1688-field_5-city-error\" ><label for=\"wpforms-1688-field_5-city\" class=\"wpforms-field-sublabel after wpforms-sublabel-hide\">City<\/label><\/div><div class=\"wpforms-field-row-block wpforms-one-half\"><input type=\"text\" id=\"wpforms-1688-field_5-state\" class=\"wpforms-field-address-state\" name=\"wpforms[fields][5][state]\" placeholder=\"Ti\u1ec3u bang\/T\u1ec9nh\/Khu v\u1ef1c &amp; M\u00e3 b\u01b0u ch\u00ednh\" aria-errormessage=\"wpforms-1688-field_5-state-error\" ><label for=\"wpforms-1688-field_5-state\" class=\"wpforms-field-sublabel after wpforms-sublabel-hide\">State \/ Province \/ Region<\/label><\/div><\/div><div class=\"wpforms-field-row wpforms-field-large\"><div class=\"wpforms-field-row-block wpforms-one-half wpforms-first\"><input type=\"text\" id=\"wpforms-1688-field_5-postal\" class=\"wpforms-field-address-postal\" name=\"wpforms[fields][5][postal]\" placeholder=\"M\u00e3 b\u01b0u ch\u00ednh\" aria-errormessage=\"wpforms-1688-field_5-postal-error\" ><label for=\"wpforms-1688-field_5-postal\" class=\"wpforms-field-sublabel after wpforms-sublabel-hide\">Postal Code<\/label><\/div><div class=\"wpforms-field-row-block wpforms-one-half\"><select id=\"wpforms-1688-field_5-country\" class=\"wpforms-field-address-country\" name=\"wpforms[fields][5][country]\" aria-errormessage=\"wpforms-1688-field_5-country-error\" ><option class=\"placeholder\" value=\"\" selected disabled>Ch\u1ecdn t\u00ean qu\u1ed1c gia<\/option><option value=\"AF\" >Afghanistan<\/option><option value=\"AL\" >Albania<\/option><option value=\"DZ\" >Algeria<\/option><option value=\"AS\" >American Samoa<\/option><option value=\"AD\" >Andorra<\/option><option value=\"AO\" >Angola<\/option><option value=\"AI\" >Anguilla<\/option><option value=\"AQ\" >Antarctica<\/option><option value=\"AG\" >Antigua and Barbuda<\/option><option value=\"AR\" >Argentina<\/option><option value=\"AM\" >Armenia<\/option><option value=\"AW\" >Aruba<\/option><option value=\"AU\" >Australia<\/option><option value=\"AT\" >Austria<\/option><option value=\"AZ\" >Azerbaijan<\/option><option value=\"BS\" >Bahamas<\/option><option value=\"BH\" >Bahrain<\/option><option value=\"BD\" >Bangladesh<\/option><option value=\"BB\" >Barbados<\/option><option value=\"BY\" >Belarus<\/option><option value=\"BE\" >Belgium<\/option><option value=\"BZ\" >Belize<\/option><option value=\"BJ\" >Benin<\/option><option value=\"BM\" >Bermuda<\/option><option value=\"BT\" >Bhutan<\/option><option value=\"BO\" >Bolivia (Plurinational State of)<\/option><option value=\"BQ\" >Bonaire, Saint Eustatius and Saba<\/option><option value=\"BA\" >Bosnia and Herzegovina<\/option><option value=\"BW\" >Botswana<\/option><option value=\"BV\" >Bouvet Island<\/option><option value=\"BR\" >Brazil<\/option><option value=\"IO\" >British Indian Ocean Territory<\/option><option value=\"BN\" >Brunei Darussalam<\/option><option value=\"BG\" >Bulgaria<\/option><option value=\"BF\" >Burkina Faso<\/option><option value=\"BI\" >Burundi<\/option><option value=\"CV\" >Cabo Verde<\/option><option value=\"KH\" >Cambodia<\/option><option value=\"CM\" >Cameroon<\/option><option value=\"CA\" >Canada<\/option><option value=\"KY\" >Cayman Islands<\/option><option value=\"CF\" >Central African Republic<\/option><option value=\"TD\" >Chad<\/option><option value=\"CL\" >Chile<\/option><option value=\"CN\" >China<\/option><option value=\"CX\" >Christmas Island<\/option><option value=\"CC\" >Cocos (Keeling) Islands<\/option><option value=\"CO\" >Colombia<\/option><option value=\"KM\" >Comoros<\/option><option value=\"CG\" >Congo<\/option><option value=\"CD\" >Congo (Democratic Republic of the)<\/option><option value=\"CK\" >Cook Islands<\/option><option value=\"CR\" >Costa Rica<\/option><option value=\"HR\" >Croatia<\/option><option value=\"CU\" >Cuba<\/option><option value=\"CW\" >Cura\u00e7ao<\/option><option value=\"CY\" >Cyprus<\/option><option value=\"CZ\" >Czech Republic<\/option><option value=\"CI\" >C\u00f4te d&#039;Ivoire<\/option><option value=\"DK\" >Denmark<\/option><option value=\"DJ\" >Djibouti<\/option><option value=\"DM\" >Dominica<\/option><option value=\"DO\" >Dominican Republic<\/option><option value=\"EC\" >Ecuador<\/option><option value=\"EG\" >Egypt<\/option><option value=\"SV\" >El Salvador<\/option><option value=\"GQ\" >Equatorial Guinea<\/option><option value=\"ER\" >Eritrea<\/option><option value=\"EE\" >Estonia<\/option><option value=\"SZ\" >Eswatini (Kingdom of)<\/option><option value=\"ET\" >Ethiopia<\/option><option value=\"FK\" >Falkland Islands (Malvinas)<\/option><option value=\"FO\" >Faroe Islands<\/option><option value=\"FJ\" >Fiji<\/option><option value=\"FI\" >Finland<\/option><option value=\"FR\" >France<\/option><option value=\"GF\" >French Guiana<\/option><option value=\"PF\" >French Polynesia<\/option><option value=\"TF\" >French Southern Territories<\/option><option value=\"GA\" >Gabon<\/option><option value=\"GM\" >Gambia<\/option><option value=\"GE\" >Georgia<\/option><option value=\"DE\" >Germany<\/option><option value=\"GH\" >Ghana<\/option><option value=\"GI\" >Gibraltar<\/option><option value=\"GR\" >Greece<\/option><option value=\"GL\" >Greenland<\/option><option value=\"GD\" >Grenada<\/option><option value=\"GP\" >Guadeloupe<\/option><option value=\"GU\" >Guam<\/option><option value=\"GT\" >Guatemala<\/option><option value=\"GG\" >Guernsey<\/option><option value=\"GN\" >Guinea<\/option><option value=\"GW\" >Guinea-Bissau<\/option><option value=\"GY\" >Guyana<\/option><option value=\"HT\" >Haiti<\/option><option value=\"HM\" >Heard Island and McDonald Islands<\/option><option value=\"HN\" >Honduras<\/option><option value=\"HK\" >Hong Kong<\/option><option value=\"HU\" >Hungary<\/option><option value=\"IS\" >Iceland<\/option><option value=\"IN\" >India<\/option><option value=\"ID\" >Indonesia<\/option><option value=\"IR\" >Iran (Islamic Republic of)<\/option><option value=\"IQ\" >Iraq<\/option><option value=\"IE\" >Ireland (Republic of)<\/option><option value=\"IM\" >Isle of Man<\/option><option value=\"IL\" >Israel<\/option><option value=\"IT\" >Italy<\/option><option value=\"JM\" >Jamaica<\/option><option value=\"JP\" >Japan<\/option><option value=\"JE\" >Jersey<\/option><option value=\"JO\" >Jordan<\/option><option value=\"KZ\" >Kazakhstan<\/option><option value=\"KE\" >Kenya<\/option><option value=\"KI\" >Kiribati<\/option><option value=\"KP\" >Korea (Democratic People&#039;s Republic of)<\/option><option value=\"KR\" >Korea (Republic of)<\/option><option value=\"XK\" >Kosovo<\/option><option value=\"KW\" >Kuwait<\/option><option value=\"KG\" >Kyrgyzstan<\/option><option value=\"LA\" >Lao People&#039;s Democratic Republic<\/option><option value=\"LV\" >Latvia<\/option><option value=\"LB\" >Lebanon<\/option><option value=\"LS\" >Lesotho<\/option><option value=\"LR\" >Liberia<\/option><option value=\"LY\" >Libya<\/option><option value=\"LI\" >Liechtenstein<\/option><option value=\"LT\" >Lithuania<\/option><option value=\"LU\" >Luxembourg<\/option><option value=\"MO\" >Macao<\/option><option value=\"MG\" >Madagascar<\/option><option value=\"MW\" >Malawi<\/option><option value=\"MY\" >Malaysia<\/option><option value=\"MV\" >Maldives<\/option><option value=\"ML\" >Mali<\/option><option value=\"MT\" >Malta<\/option><option value=\"MH\" >Marshall Islands<\/option><option value=\"MQ\" >Martinique<\/option><option value=\"MR\" >Mauritania<\/option><option value=\"MU\" >Mauritius<\/option><option value=\"YT\" >Mayotte<\/option><option value=\"MX\" >Mexico<\/option><option value=\"FM\" >Micronesia (Federated States of)<\/option><option value=\"MD\" >Moldova (Republic of)<\/option><option value=\"MC\" >Monaco<\/option><option value=\"MN\" >Mongolia<\/option><option value=\"ME\" >Montenegro<\/option><option value=\"MS\" >Montserrat<\/option><option value=\"MA\" >Morocco<\/option><option value=\"MZ\" >Mozambique<\/option><option value=\"MM\" >Myanmar<\/option><option value=\"NA\" >Namibia<\/option><option value=\"NR\" >Nauru<\/option><option value=\"NP\" >Nepal<\/option><option value=\"NL\" >Netherlands<\/option><option value=\"NC\" >New Caledonia<\/option><option value=\"NZ\" >New Zealand<\/option><option value=\"NI\" >Nicaragua<\/option><option value=\"NE\" >Niger<\/option><option value=\"NG\" >Nigeria<\/option><option value=\"NU\" >Niue<\/option><option value=\"NF\" >Norfolk Island<\/option><option value=\"MK\" >North Macedonia (Republic of)<\/option><option value=\"MP\" >Northern Mariana Islands<\/option><option value=\"NO\" >Norway<\/option><option value=\"OM\" >Oman<\/option><option value=\"PK\" >Pakistan<\/option><option value=\"PW\" >Palau<\/option><option value=\"PS\" >Palestine (State of)<\/option><option value=\"PA\" >Panama<\/option><option value=\"PG\" >Papua New Guinea<\/option><option value=\"PY\" >Paraguay<\/option><option value=\"PE\" >Peru<\/option><option value=\"PH\" >Philippines<\/option><option value=\"PN\" >Pitcairn<\/option><option value=\"PL\" >Poland<\/option><option value=\"PT\" >Portugal<\/option><option value=\"PR\" >Puerto Rico<\/option><option value=\"QA\" >Qatar<\/option><option value=\"RO\" >Romania<\/option><option value=\"RU\" >Russian Federation<\/option><option value=\"RW\" >Rwanda<\/option><option value=\"RE\" >R\u00e9union<\/option><option value=\"BL\" >Saint Barth\u00e9lemy<\/option><option value=\"SH\" >Saint Helena, Ascension and Tristan da Cunha<\/option><option value=\"KN\" >Saint Kitts and Nevis<\/option><option value=\"LC\" >Saint Lucia<\/option><option value=\"MF\" >Saint Martin (French part)<\/option><option value=\"PM\" >Saint Pierre and Miquelon<\/option><option value=\"VC\" >Saint Vincent and the Grenadines<\/option><option value=\"WS\" >Samoa<\/option><option value=\"SM\" >San Marino<\/option><option value=\"ST\" >Sao Tome and Principe<\/option><option value=\"SA\" >Saudi Arabia<\/option><option value=\"SN\" >Senegal<\/option><option value=\"RS\" >Serbia<\/option><option value=\"SC\" >Seychelles<\/option><option value=\"SL\" >Sierra Leone<\/option><option value=\"SG\" >Singapore<\/option><option value=\"SX\" >Sint Maarten (Dutch part)<\/option><option value=\"SK\" >Slovakia<\/option><option value=\"SI\" >Slovenia<\/option><option value=\"SB\" >Solomon Islands<\/option><option value=\"SO\" >Somalia<\/option><option value=\"ZA\" >South Africa<\/option><option value=\"GS\" >South Georgia and the South Sandwich Islands<\/option><option value=\"SS\" >South Sudan<\/option><option value=\"ES\" >Spain<\/option><option value=\"LK\" >Sri Lanka<\/option><option value=\"SD\" >Sudan<\/option><option value=\"SR\" >Suriname<\/option><option value=\"SJ\" >Svalbard and Jan Mayen<\/option><option value=\"SE\" >Sweden<\/option><option value=\"CH\" >Switzerland<\/option><option value=\"SY\" >Syrian Arab Republic<\/option><option value=\"TW\" >Taiwan, Republic of China<\/option><option value=\"TJ\" >Tajikistan<\/option><option value=\"TZ\" >Tanzania (United Republic of)<\/option><option value=\"TH\" >Thailand<\/option><option value=\"TL\" >Timor-Leste<\/option><option value=\"TG\" >Togo<\/option><option value=\"TK\" >Tokelau<\/option><option value=\"TO\" >Tonga<\/option><option value=\"TT\" >Trinidad and Tobago<\/option><option value=\"TN\" >Tunisia<\/option><option value=\"TM\" >Turkmenistan<\/option><option value=\"TC\" >Turks and Caicos Islands<\/option><option value=\"TV\" >Tuvalu<\/option><option value=\"TR\" >T\u00fcrkiye<\/option><option value=\"UG\" >Uganda<\/option><option value=\"UA\" >Ukraine<\/option><option value=\"AE\" >United Arab Emirates<\/option><option value=\"GB\" >United Kingdom of Great Britain and Northern Ireland<\/option><option value=\"UM\" >United States Minor Outlying Islands<\/option><option value=\"US\" >United States of America<\/option><option value=\"UY\" >Uruguay<\/option><option value=\"UZ\" >Uzbekistan<\/option><option value=\"VU\" >Vanuatu<\/option><option value=\"VA\" >Vatican City State<\/option><option value=\"VE\" >Venezuela (Bolivarian Republic of)<\/option><option value=\"VN\" >Vietnam<\/option><option value=\"VG\" >Virgin Islands (British)<\/option><option value=\"VI\" >Virgin Islands (U.S.)<\/option><option value=\"WF\" >Wallis and Futuna<\/option><option value=\"EH\" >Western Sahara<\/option><option value=\"YE\" >Yemen<\/option><option value=\"ZM\" >Zambia<\/option><option value=\"ZW\" >Zimbabwe<\/option><option value=\"AX\" >\u00c5land Islands<\/option><\/select><label for=\"wpforms-1688-field_5-country\" class=\"wpforms-field-sublabel after wpforms-sublabel-hide\">Country<\/label><\/div><\/div><\/fieldset><\/div><div id=\"wpforms-1688-field_6-container\" class=\"wpforms-field wpforms-field-layout\" data-field-id=\"6\"><div class=\"wpforms-field-layout-rows wpforms-field-large\"><div class=\"wpforms-layout-row\"><div class=\"wpforms-layout-column wpforms-layout-column-50\"><div id=\"wpforms-1688-field_1-container\" class=\"wpforms-field wpforms-field-email\" data-field-id=\"1\"><label class=\"wpforms-field-label\" for=\"wpforms-1688-field_1\">Email <span class=\"wpforms-required-label\" aria-hidden=\"true\">*<\/span><\/label><input type=\"email\" id=\"wpforms-1688-field_1\" class=\"wpforms-field-medium wpforms-field-required\" name=\"wpforms[fields][1]\" spellcheck=\"false\" aria-errormessage=\"wpforms-1688-field_1-error\" required><\/div><\/div><div class=\"wpforms-layout-column wpforms-layout-column-50\"><div id=\"wpforms-1688-field_0-container\" class=\"wpforms-field wpforms-field-name\" data-field-id=\"0\"><label class=\"wpforms-field-label\" for=\"wpforms-1688-field_0\">Ng\u01b0\u1eddi li\u00ean h\u1ec7 <span class=\"wpforms-required-label\" aria-hidden=\"true\">*<\/span><\/label><input type=\"text\" id=\"wpforms-1688-field_0\" class=\"wpforms-field-medium wpforms-field-required\" name=\"wpforms[fields][0]\" aria-errormessage=\"wpforms-1688-field_0-error\" required><\/div><\/div><\/div><div class=\"wpforms-layout-row\"><div class=\"wpforms-layout-column wpforms-layout-column-50\"><div id=\"wpforms-1688-field_7-container\" class=\"wpforms-field wpforms-field-phone\" data-field-id=\"7\"><label class=\"wpforms-field-label\" for=\"wpforms-1688-field_7\">S\u1ed3 \u0111i\u1ec7n tho\u1ea1i c\u00f4ng ty<\/label><input type=\"tel\" id=\"wpforms-1688-field_7\" class=\"wpforms-field-medium wpforms-smart-phone-field\" data-rule-smart-phone-field=\"true\" name=\"wpforms[fields][7]\" aria-label=\"S\u1ed3 \u0111i\u1ec7n tho\u1ea1i c\u00f4ng ty\" aria-errormessage=\"wpforms-1688-field_7-error\" ><\/div><\/div><div class=\"wpforms-layout-column wpforms-layout-column-50\"><div id=\"wpforms-1688-field_8-container\" class=\"wpforms-field wpforms-field-phone\" data-field-id=\"8\"><label class=\"wpforms-field-label\" for=\"wpforms-1688-field_8\">S\u1ed1 di \u0111\u1ed9ng<\/label><input type=\"tel\" id=\"wpforms-1688-field_8\" class=\"wpforms-field-medium wpforms-smart-phone-field\" data-rule-smart-phone-field=\"true\" name=\"wpforms[fields][8]\" aria-label=\"S\u1ed1 di \u0111\u1ed9ng\" aria-errormessage=\"wpforms-1688-field_8-error\" ><\/div><\/div><\/div><\/div><\/div><div id=\"wpforms-1688-field_9-container\" class=\"wpforms-field wpforms-field-radio wpforms-list-3-columns\" data-field-id=\"9\"><fieldset><legend class=\"wpforms-field-label\">B\u1ea1n mu\u1ed1n li\u00ean h\u1ec7 v\u1edbi <span class=\"wpforms-required-label\" aria-hidden=\"true\">*<\/span><\/legend><ul id=\"wpforms-1688-field_9\" class=\"wpforms-field-required\"><li class=\"choice-1 depth-1 wpforms-selected\"><input type=\"radio\" id=\"wpforms-1688-field_9_1\" name=\"wpforms[fields][9]\" value=\"Canpac Vi\u1ec7t Nam\" aria-errormessage=\"wpforms-1688-field_9_1-error\" required  checked='checked'><label class=\"wpforms-field-label-inline\" for=\"wpforms-1688-field_9_1\">Canpac Vi\u1ec7t Nam<\/label><\/li><li class=\"choice-2 depth-1\"><input type=\"radio\" id=\"wpforms-1688-field_9_2\" name=\"wpforms[fields][9]\" value=\"Canpac M\u00e3 Lai\" aria-errormessage=\"wpforms-1688-field_9_2-error\" required ><label class=\"wpforms-field-label-inline\" for=\"wpforms-1688-field_9_2\">Canpac M\u00e3 Lai<\/label><\/li><li class=\"choice-4 depth-1\"><input type=\"radio\" id=\"wpforms-1688-field_9_4\" name=\"wpforms[fields][9]\" value=\"T\u1ef1 \u0111\u1ed9ng ph\u00e2n lu\u1ed3ng\" aria-errormessage=\"wpforms-1688-field_9_4-error\" required ><label class=\"wpforms-field-label-inline\" for=\"wpforms-1688-field_9_4\">T\u1ef1 \u0111\u1ed9ng ph\u00e2n lu\u1ed3ng<\/label><\/li><\/ul><\/fieldset><\/div><div id=\"wpforms-1688-field_10-container\" class=\"wpforms-field wpforms-field-layout\" data-field-id=\"10\"><div class=\"wpforms-field-layout-rows wpforms-field-large\"><div class=\"wpforms-layout-row\"><div class=\"wpforms-layout-column wpforms-layout-column-33\"><div id=\"wpforms-1688-field_11-container\" class=\"wpforms-field wpforms-field-checkbox\" data-field-id=\"11\"><fieldset><legend class=\"wpforms-field-label\">Y\u00eau c\u1ea7u ph\u1ea3n h\u1ed3i nhanh<\/legend><ul id=\"wpforms-1688-field_11\"><li class=\"choice-1 depth-1\"><input type=\"checkbox\" id=\"wpforms-1688-field_11_1\" name=\"wpforms[fields][11][]\" value=\"Y\u00eau c\u1ea7u g\u1ecdi l\u1ea1i\" aria-errormessage=\"wpforms-1688-field_11_1-error\"  ><label class=\"wpforms-field-label-inline\" for=\"wpforms-1688-field_11_1\">Y\u00eau c\u1ea7u g\u1ecdi l\u1ea1i<\/label><\/li><li class=\"choice-2 depth-1\"><input type=\"checkbox\" id=\"wpforms-1688-field_11_2\" name=\"wpforms[fields][11][]\" value=\"T\u01b0\u01a1ng t\u00e1c qua email\" aria-errormessage=\"wpforms-1688-field_11_2-error\"  ><label class=\"wpforms-field-label-inline\" for=\"wpforms-1688-field_11_2\">T\u01b0\u01a1ng t\u00e1c qua email<\/label><\/li><\/ul><\/fieldset><\/div><\/div><div class=\"wpforms-layout-column wpforms-layout-column-67\"><div id=\"wpforms-1688-field_2-container\" class=\"wpforms-field wpforms-field-textarea\" data-field-id=\"2\"><label class=\"wpforms-field-label\" for=\"wpforms-1688-field_2\">Tin nh\u1eafn v\u1ec1 c\u00e2u h\u1ecfi c\u1ea7n t\u01b0 v\u1ea5n c\u1ee7a b\u1ea1n<\/label><textarea id=\"wpforms-1688-field_2\" class=\"wpforms-field-medium\" name=\"wpforms[fields][2]\" aria-errormessage=\"wpforms-1688-field_2-error\" ><\/textarea><\/div><\/div><\/div><\/div><\/div><\/div><!-- .wpforms-field-container --><div class=\"wpforms-recaptcha-container wpforms-is-turnstile\" ><div class=\"g-recaptcha\" data-sitekey=\"0x4AAAAAAAeiMrDgGhlhDVFW\" data-action=\"FormID-1688\"><\/div><input type=\"text\" name=\"g-recaptcha-hidden\" class=\"wpforms-recaptcha-hidden\" style=\"position:absolute!important;clip:rect(0,0,0,0)!important;height:1px!important;width:1px!important;border:0!important;overflow:hidden!important;padding:0!important;margin:0!important;\" data-rule-turnstile=\"1\"><\/div><div class=\"wpforms-submit-container\" ><input type=\"hidden\" name=\"wpforms[id]\" value=\"1688\"><input type=\"hidden\" name=\"page_title\" value=\"\"><input type=\"hidden\" name=\"page_url\" value=\"https:\/\/www.canpac.net\/vi\/wp-json\/wp\/v2\/pages\/1220\"><button type=\"submit\" name=\"wpforms[submit]\" id=\"wpforms-submit-1688\" class=\"wpforms-submit\" data-alt-text=\"\u0110ang g\u1eedi...\" data-submit-text=\"G\u1eedi tin nh\u1eafn\" aria-live=\"assertive\" value=\"wpforms-submit\">G\u1eedi tin nh\u1eafn<\/button><img loading=\"lazy\" decoding=\"async\" src=\"https:\/\/www.canpac.net\/wp-content\/plugins\/wpforms\/assets\/images\/submit-spin.svg\" class=\"wpforms-submit-spinner\" style=\"display: none;\" width=\"26\" height=\"26\" alt=\"Loading\" title=\"\"><\/div><\/form><\/div>  <!-- .wpforms-container -->\n\t<div id=\"gap-1403142199\" class=\"gap-element clearfix\" style=\"display:block; height:auto;\">\n\t\t\n<style>\n#gap-1403142199 {\n  padding-top: 30px;\n}\n<\/style>\n\t<\/div>\n\t\n\t\t<\/div>\n\t\t\t\t\n<style>\n#col-370827536 > .col-inner {\n  padding: 30px 20px 30px 20px;\n}\n<\/style>\n\t<\/div>\n\n\t\n<\/div>\n","protected":false},"excerpt":{"rendered":"","protected":false},"author":1,"featured_media":0,"parent":0,"menu_order":0,"comment_status":"closed","ping_status":"closed","template":"page-blank.php","meta":{"footnotes":""},"class_list":["post-1220","page","type-page","status-publish","hentry"],"_links":{"self":[{"href":"https:\/\/www.canpac.net\/vi\/wp-json\/wp\/v2\/pages\/1220","targetHints":{"allow":["GET"]}}],"collection":[{"href":"https:\/\/www.canpac.net\/vi\/wp-json\/wp\/v2\/pages"}],"about":[{"href":"https:\/\/www.canpac.net\/vi\/wp-json\/wp\/v2\/types\/page"}],"author":[{"embeddable":true,"href":"https:\/\/www.canpac.net\/vi\/wp-json\/wp\/v2\/users\/1"}],"replies":[{"embeddable":true,"href":"https:\/\/www.canpac.net\/vi\/wp-json\/wp\/v2\/comments?post=1220"}],"version-history":[{"count":14,"href":"https:\/\/www.canpac.net\/vi\/wp-json\/wp\/v2\/pages\/1220\/revisions"}],"predecessor-version":[{"id":1892,"href":"https:\/\/www.canpac.net\/vi\/wp-json\/wp\/v2\/pages\/1220\/revisions\/1892"}],"wp:attachment":[{"href":"https:\/\/www.canpac.net\/vi\/wp-json\/wp\/v2\/media?parent=1220"}],"curies":[{"name":"wp","href":"https:\/\/api.w.org\/{rel}","templated":true}]}}