{"id":1213,"date":"2024-07-13T08:50:20","date_gmt":"2024-07-13T01:50:20","guid":{"rendered":"https:\/\/canpac.net\/gioi-thieu-ve-chung-toi\/"},"modified":"2025-05-17T14:36:19","modified_gmt":"2025-05-17T07:36:19","slug":"gioi-thieu-ve-chung-toi","status":"publish","type":"page","link":"https:\/\/www.canpac.net\/vi\/gioi-thieu-ve-chung-toi\/","title":{"rendered":"Ng\u00e0nh c\u00f4ng nghi\u1ec7p bao b\u00ec kim lo\u1ea1i"},"content":{"rendered":"\n  <div class=\"banner has-hover\" id=\"banner-326670380\">\n          <div class=\"banner-inner fill\">\n        <div class=\"banner-bg fill\" >\n            <img loading=\"lazy\" decoding=\"async\" width=\"1020\" height=\"680\" src=\"https:\/\/www.canpac.net\/wp-content\/uploads\/2024\/09\/Banner-1024x683.jpg\" class=\"bg attachment-large size-large\" alt=\"Canpac product banner\" title=\"\">                                    \n                    <\/div>\n\t\t\n        <div class=\"banner-layers container\">\n            <div class=\"fill banner-link\"><\/div>            \n   <div id=\"text-box-1600189457\" class=\"text-box banner-layer x0 md-x0 lg-x0 y100 md-y100 lg-y90 res-text\">\n       <div class=\"hover-fade-in\">              <div data-animate=\"fadeInUp\">           <div class=\"text-box-content text dark\">\n              \n              <div class=\"text-inner text-center\">\n                  \n\t<div id=\"text-3411992003\" class=\"text\">\n\t\t\n<h3 class=\"uppercase\"><span style=\"font-size: 75%;\"><strong>Ch\u00fang t\u00f4i l\u00e0m vi\u1ec7c ch\u1eb7t ch\u1ebd v\u1edbi kh\u00e1ch h\u00e0ng \u0111\u1ec3 \u0111\u1ea1t \u0111\u01b0\u1ee3c c\u00e1c ph\u01b0\u01a1ng \u00e1n ti\u1ebft ki\u1ec7m chi ph\u00ed ph\u00f9 h\u1ee3p v\u1edbi nhu c\u1ea7u ri\u00eang bi\u1ec7t c\u1ee7a h\u1ecd<\/strong><\/span><\/h3>\n<p><span style=\"font-size: 120%;\">Cho d\u00f9 b\u1ea1n mu\u1ed1n g\u1eafn nh\u00e3n hi\u1ec7u ri\u00eang cho c\u00e1c s\u1ea3n ph\u1ea9m t\u01b0\u01a1ng t\u1ef1 mang th\u01b0\u01a1ng hi\u1ec7u qu\u1ed1c t\u1ebf hay t\u00f9y ch\u1ec9nh theo th\u00f4ng s\u1ed1 k\u1ef9 thu\u1eadt c\u1ee7a b\u1ea1n, ch\u00fang t\u00f4i cam k\u1ebft \u0111\u00e1p \u1ee9ng v\u00e0 v\u01b0\u1ee3t h\u01a1n s\u1ef1 mong \u0111\u1ee3i c\u1ee7a b\u1ea1n.<\/span><\/p>\n\t\t\n<style>\n#text-3411992003 {\n  text-align: left;\n  color: rgb(255, 255, 255);\n}\n#text-3411992003 > * {\n  color: rgb(255, 255, 255);\n}\n<\/style>\n\t<\/div>\n\t\n              <\/div>\n           <\/div>\n       <\/div>              <\/div>       \n<style>\n#text-box-1600189457 .text-box-content {\n  background-color: rgba(0, 0, 0, 0.529);\n  font-size: 100%;\n}\n#text-box-1600189457 .text-inner {\n  padding: 10px 10px 10px 10px;\n}\n#text-box-1600189457 {\n  width: 100%;\n}\n@media (min-width:550px) {\n  #text-box-1600189457 {\n    width: 55%;\n  }\n}\n<\/style>\n    <\/div>\n \n        <\/div>\n      <\/div>\n\n            \n<style>\n#banner-326670380 {\n  padding-top: 60%;\n}\n#banner-326670380 .banner-bg img {\n  object-position: 42% 56%;\n}\n@media (min-width:550px) {\n  #banner-326670380 {\n    padding-top: 650px;\n  }\n}\n<\/style>\n  <\/div>\n\n\n\n\t<section class=\"section\" id=\"section_2008353738\">\n\t\t<div class=\"section-bg fill\" >\n\t\t\t\t\t\t\t\t\t\n\t\t\t\n\n\t\t<\/div>\n\n\t\t\n\n\t\t<div class=\"section-content relative\">\n\t\t\t\n<div class=\"row row-collapse row-full-width align-center\"  id=\"row-1327865155\">\n\n\t<div id=\"col-228244658\" class=\"col medium-12 small-12 large-9\"  >\n\t\t\t\t<div class=\"col-inner\" style=\"background-color:rgb(255, 255, 255);\" >\n\t\t\t\n\t\t\t\n\t<div id=\"text-3827707691\" class=\"text\">\n\t\t\n<h1><span style=\"font-size: 130%;\">Canpac &#8211; \u0110\u1ed1i t\u00e1c \u0111\u00e1ng tin c\u1eady<br \/>\ntrong ng\u00e0nh c\u00f4ng nghi\u1ec7p bao b\u00ec kim lo\u1ea1i<\/span><\/h1>\n\t\t\n<style>\n#text-3827707691 {\n  font-size: 0.75rem;\n  color: rgb(19, 19, 19);\n}\n#text-3827707691 > * {\n  color: rgb(19, 19, 19);\n}\n@media (min-width:550px) {\n  #text-3827707691 {\n    font-size: 1.35rem;\n  }\n}\n<\/style>\n\t<\/div>\n\t\n\t<div id=\"text-2463973642\" class=\"text\">\n\t\t\n<h3>T\u1eeb nh\u1eefng ng\u00e0y \u0111\u1ea7u<\/h3>\n<p>S\u1ef1 ra \u0111\u1eddi c\u1ee7a Canpac b\u1eaft \u0111\u1ea7u t\u1eeb nh\u1eefng \u00fd t\u01b0\u1edfng, s\u1ef1 t\u1eadn t\u00e2m v\u00e0 ni\u1ec1m \u0111am m\u00ea d\u00e0nh cho ng\u00e0nh c\u00f4ng nghi\u1ec7p bao b\u00ec c\u1ee7a \u0111\u1ed9i ng\u0169 s\u00e1ng l\u1eadp. Nh\u1eadn th\u1ea5y nhu c\u1ea7u s\u1eed d\u1ee5ng bao b\u00ec kim lo\u1ea1i \u0111\u1ec3 b\u1ea3o qu\u1ea3n v\u00e0 b\u1ea3o v\u1ec7 th\u1ef1c ph\u1ea9m c\u0169ng nh\u01b0 ti\u1ec1m n\u0103ng t\u0103ng tr\u01b0\u1edfng c\u1ee7a s\u1ea3n ph\u1ea9m, nh\u1eefng ng\u01b0\u1eddi s\u00e1ng l\u1eadp \u0111\u00e3 quy\u1ebft \u0111\u1ecbnh th\u00e0nh l\u1eadp Canpac, gi\u1edbi thi\u1ec7u c\u00f4ng ngh\u1ec7 hi\u1ec7n \u0111\u1ea1i v\u00e0 ti\u00eau chu\u1ea9n qu\u1ed1c t\u1ebf. \u0110i\u1ec1u n\u00e0y m\u1edf ra c\u01a1 h\u1ed9i kh\u00f4ng ch\u1ec9 cho c\u00e1c doanh nghi\u1ec7p trong n\u01b0\u1edbc m\u00e0 c\u00f2n cho nhi\u1ec1u th\u01b0\u01a1ng hi\u1ec7u qu\u1ed1c t\u1ebf mu\u1ed1n th\u00e2m nh\u1eadp th\u1ecb tr\u01b0\u1eddng b\u1eb1ng bao b\u00ec chu\u1ea9n h\u00f3a v\u00e0 x\u1ee9ng t\u1ea7m th\u01b0\u01a1ng hi\u1ec7u.<\/p>\n<h2>N\u0103ng l\u1ef1c \u0111\u00e3 \u0111\u01b0\u1ee3c ch\u1ee9ng minh<\/h2>\n<p>V\u1edbi h\u01a1n m\u1ed9t th\u1eadp k\u1ef7 kinh nghi\u1ec7m v\u00e0 danh ti\u1ebfng v\u1eefng ch\u1eafc, Canpac \u0111\u00e3 ch\u1ee9ng t\u1ecf m\u00ecnh l\u00e0 nh\u00e0 s\u1ea3n xu\u1ea5t bao b\u00ec kim lo\u1ea1i h\u00e0ng \u0111\u1ea7u cho ng\u00e0nh th\u1ef1c ph\u1ea9m v\u00e0 b\u00ecnh x\u1ecbt.<\/p>\n<p><strong>1. Ch\u1ea5t l\u01b0\u1ee3ng h\u00e0ng \u0111\u1ea7u<\/strong><br \/>\nCanpac lu\u00f4n cam k\u1ebft cung c\u1ea5p nh\u1eefng s\u1ea3n ph\u1ea9m c\u00f3 ch\u1ea5t l\u01b0\u1ee3ng cao nh\u1ea5t. T\u1eeb quy tr\u00ecnh s\u1ea3n xu\u1ea5t \u0111\u1ebfn ki\u1ec3m tra ch\u1ea5t l\u01b0\u1ee3ng, m\u1ecdi b\u01b0\u1edbc \u0111\u1ec1u tu\u00e2n th\u1ee7 c\u00e1c ti\u00eau chu\u1ea9n qu\u1ed1c t\u1ebf, \u0111\u1ea3m b\u1ea3o an to\u00e0n v\u00e0 uy t\u00edn c\u1ee7a th\u01b0\u01a1ng hi\u1ec7u.<\/p>\n<p><strong>2. Ph\u1ea1m vi s\u1ea3n ph\u1ea9m \u0111a d\u1ea1ng<\/strong><br \/>\nCh\u00fang t\u00f4i cung c\u1ea5p nhi\u1ec1u s\u1ea3n ph\u1ea9m v\u00e0 gi\u1ea3i ph\u00e1p kh\u00e1c nhau \u0111\u1ec3 kh\u00e1ch h\u00e0ng l\u1ef1a ch\u1ecdn. \u0110i\u1ec1u n\u00e0y gi\u00fap c\u00e1c doanh nghi\u1ec7p t\u1ea1o s\u1ef1 kh\u00e1c bi\u1ec7t v\u00e0 n\u1ed5i b\u1eadt tr\u00ean th\u1ecb tr\u01b0\u1eddng c\u1ea1nh tranh.<\/p>\n<p><strong>3. H\u1ed7 tr\u1ee3 kh\u00e1ch h\u00e0ng to\u00e0n di\u1ec7n<\/strong><br \/>\nV\u1edbi ph\u01b0\u01a1ng ch\u00e2m \u0111\u1eb7t kh\u00e1ch h\u00e0ng l\u00ean h\u00e0ng \u0111\u1ea7u, \u0111\u1ed9i ng\u0169 chuy\u00ean nghi\u1ec7p c\u1ee7a ch\u00fang t\u00f4i lu\u00f4n s\u1eb5n s\u00e0ng h\u1ed7 tr\u1ee3 v\u00e0 cung c\u1ea5p c\u00e1c gi\u1ea3i ph\u00e1p \u0111\u00f3ng g\u00f3i t\u1ed1i \u01b0u, gi\u00fap doanh nghi\u1ec7p gi\u1ea3m thi\u1ec3u chi ph\u00ed \u0111\u1ed3ng th\u1eddi t\u1ed1i \u0111a h\u00f3a gi\u00e1 tr\u1ecb v\u00e0 hi\u1ec7u qu\u1ea3 c\u1ee7a s\u1ea3n ph\u1ea9m.<\/p>\n<div id=\"main-content\" class=\"layout-content\">\n<div class=\"region region-content\">\n<div id=\"block-sd-content\" class=\"block block-system block-system-main-block\">\n<div class=\"block-content\">\n<article class=\"node node--type-basic-page node--view-mode-full\" role=\"article\">\n<div class=\"node__content\">\n<section class=\"layout-pad-bottom-md layout-pad-top-md layout-section-align-top layout-section-horizontal-center lb-section lb-section--50-50\" data-layout-delta=\"0\">\n<div class=\"lb-section-row section-body\">\n<div class=\"lb-region lb-region--left\">\n<div class=\"block block-layout-builder block-field-blocknodebasic-pagebody\">\n<div class=\"block-content\">\n<h2 class=\"clearfix text-formatted field field--name-body field--type-text-with-summary field--label-hidden field__item\"><span style=\"color: #000000;\">Cam k\u1ebft ph\u00e1t tri\u1ec3n b\u1ec1n v\u1eefng<\/span><\/h2>\n<p>Ngo\u00e0i vi\u1ec7c t\u1eadp trung v\u00e0o vi\u1ec7c cung c\u1ea5p c\u00e1c s\u1ea3n ph\u1ea9m ch\u1ea5t l\u01b0\u1ee3ng, Canpac c\u00f2n cam k\u1ebft tri\u1ec3n khai c\u00e1c gi\u1ea3i ph\u00e1p s\u1ea3n xu\u1ea5t b\u1ec1n v\u1eefng. \u0110\u1ed9i ng\u0169 chuy\u00ean gia c\u1ee7a ch\u00fang t\u00f4i li\u00ean t\u1ee5c nghi\u00ean c\u1ee9u v\u00e0 ph\u00e1t tri\u1ec3n c\u00e1c gi\u1ea3i ph\u00e1p ti\u1ebft ki\u1ec7m n\u0103ng l\u01b0\u1ee3ng v\u00e0 s\u1eed d\u1ee5ng t\u00e0i nguy\u00ean hi\u1ec7u qu\u1ea3, \u0111\u1ea3m b\u1ea3o an to\u00e0n cho m\u00f4i tr\u01b0\u1eddng.<\/p>\n<p><strong>Ki\u00ean \u0111\u1ecbnh trong S\u1ee9 m\u1ec7nh v\u00e0 T\u1ea7m nh\u00ecn<\/strong><\/p>\n<p>Trong nh\u1eefng n\u0103m qua, gi\u1eefa b\u1ed1i c\u1ea3nh th\u1ecb tr\u01b0\u1eddng lu\u00f4n thay \u0111\u1ed5i, Canpac v\u1eabn kh\u00f4ng ng\u1eebng ph\u00e1t tri\u1ec3n, v\u1edbi \u0111\u1ed9i ng\u0169 lu\u00f4n ki\u00ean \u0111\u1ecbnh chi\u1ebfn l\u01b0\u1ee3c, t\u1eebng b\u01b0\u1edbc kh\u1eb3ng \u0111\u1ecbnh v\u1ecb th\u1ebf v\u00e0 vai tr\u00f2 c\u1ee7a m\u00ecnh trong ng\u00e0nh bao b\u00ec kim lo\u1ea1i.<\/p>\n<p><strong>S\u1ee9 m\u1ec7nh c\u1ee7a Canpac<\/strong><\/p>\n<p>M\u1ee5c ti\u00eau c\u1ee7a Canpac kh\u00f4ng ch\u1ec9 l\u00e0 tr\u1edf th\u00e0nh nh\u00e0 cung c\u1ea5p h\u00e0ng \u0111\u1ea7u m\u00e0 c\u00f2n \u0111\u00f3ng g\u00f3p v\u00e0o s\u1ef1 ph\u00e1t tri\u1ec3n b\u1ec1n v\u1eefng c\u1ee7a ng\u00e0nh c\u00f4ng nghi\u1ec7p th\u1ef1c ph\u1ea9m, b\u1eb1ng c\u00e1ch cung c\u1ea5p c\u00e1c gi\u1ea3i ph\u00e1p \u0111\u00f3ng g\u00f3i kim lo\u1ea1i ti\u00ean ti\u1ebfn, an to\u00e0n, b\u1ea3o qu\u1ea3n ch\u1ea5t l\u01b0\u1ee3ng cho s\u1ea3n ph\u1ea9m ti\u00eau d\u00f9ng, \u0111\u1ed3ng th\u1eddi \u0111\u1ea3m b\u1ea3o t\u00ednh b\u1ec1n v\u1eefng v\u00e0 b\u1ea3o v\u1ec7 m\u00f4i tr\u01b0\u1eddng.<\/p>\n<p><strong>T\u1ea7m nh\u00ecn c\u1ee7a Canpac<\/strong><\/p>\n<p>Tr\u1edf th\u00e0nh \u0111\u1ed1i t\u00e1c \u0111\u00e1ng tin c\u1eady h\u00e0ng \u0111\u1ea7u trong l\u0129nh v\u1ef1c bao b\u00ec kim lo\u1ea1i, li\u00ean t\u1ee5c gia t\u0103ng gi\u00e1 tr\u1ecb v\u00e0 th\u00fac \u0111\u1ea9y t\u0103ng tr\u01b0\u1edfng trong ng\u00e0nh th\u1ef1c ph\u1ea9m.<\/p>\n<p><em>V\u1edbi t\u1ea7m nh\u00ecn r\u1ed9ng l\u1edbn v\u00e0 cam k\u1ebft kh\u00f4ng ng\u1eebng c\u1ea3i thi\u1ec7n ch\u1ea5t l\u01b0\u1ee3ng, Canpac t\u1ef1 \u0111\u1ecbnh v\u1ecb m\u00ecnh l\u00e0 ng\u01b0\u1eddi \u0111i \u0111\u1ea7u, kh\u00f4ng ch\u1ec9 ph\u1ee5c v\u1ee5 trong ng\u00e0nh th\u1ef1c ph\u1ea9m m\u00e0 c\u00f2n \u1edf nhi\u1ec1u l\u0129nh v\u1ef1c kh\u00e1c.<\/em><\/p>\n<\/div>\n<\/div>\n<\/div>\n<\/div>\n<\/section>\n<\/div>\n<\/article>\n<\/div>\n<\/div>\n<\/div>\n<\/div>\n<footer class=\"global-footer\" role=\"contentinfo\">\n<div class=\"container\">\n<div class=\"region region-footer\"><\/div>\n<\/div>\n<\/footer>\n\t\t\n<style>\n#text-2463973642 {\n  font-size: 1rem;\n  color: rgb(19, 19, 19);\n}\n#text-2463973642 > * {\n  color: rgb(19, 19, 19);\n}\n@media (min-width:550px) {\n  #text-2463973642 {\n    font-size: 1.35rem;\n  }\n}\n<\/style>\n\t<\/div>\n\t\n\t\t<\/div>\n\t\t\t\t\n<style>\n#col-228244658 > .col-inner {\n  padding: 30px 20px 30px 20px;\n}\n@media (min-width:550px) {\n  #col-228244658 > .col-inner {\n    padding: 90px 20px 30px 20px;\n  }\n}\n@media (min-width:850px) {\n  #col-228244658 > .col-inner {\n    padding: 90px 60px 30px 60px;\n  }\n}\n<\/style>\n\t<\/div>\n\n\t\n\n<style>\n#row-1327865155 > .col > .col-inner {\n  background-color: rgb(255,255,255);\n}\n<\/style>\n<\/div>\n\t\t<\/div>\n\n\t\t\n<style>\n#section_2008353738 {\n  padding-top: 0px;\n  padding-bottom: 0px;\n  background-color: rgb(255,255,255);\n}\n@media (min-width:550px) {\n  #section_2008353738 {\n    padding-top: 0px;\n    padding-bottom: 0px;\n  }\n}\n@media (min-width:850px) {\n  #section_2008353738 {\n    padding-top: 30px;\n    padding-bottom: 30px;\n  }\n}\n<\/style>\n\t<\/section>\n\t\n","protected":false},"excerpt":{"rendered":"","protected":false},"author":1,"featured_media":0,"parent":0,"menu_order":0,"comment_status":"closed","ping_status":"closed","template":"page-blank.php","meta":{"footnotes":""},"class_list":["post-1213","page","type-page","status-publish","hentry"],"_links":{"self":[{"href":"https:\/\/www.canpac.net\/vi\/wp-json\/wp\/v2\/pages\/1213","targetHints":{"allow":["GET"]}}],"collection":[{"href":"https:\/\/www.canpac.net\/vi\/wp-json\/wp\/v2\/pages"}],"about":[{"href":"https:\/\/www.canpac.net\/vi\/wp-json\/wp\/v2\/types\/page"}],"author":[{"embeddable":true,"href":"https:\/\/www.canpac.net\/vi\/wp-json\/wp\/v2\/users\/1"}],"replies":[{"embeddable":true,"href":"https:\/\/www.canpac.net\/vi\/wp-json\/wp\/v2\/comments?post=1213"}],"version-history":[{"count":15,"href":"https:\/\/www.canpac.net\/vi\/wp-json\/wp\/v2\/pages\/1213\/revisions"}],"predecessor-version":[{"id":2485,"href":"https:\/\/www.canpac.net\/vi\/wp-json\/wp\/v2\/pages\/1213\/revisions\/2485"}],"wp:attachment":[{"href":"https:\/\/www.canpac.net\/vi\/wp-json\/wp\/v2\/media?parent=1213"}],"curies":[{"name":"wp","href":"https:\/\/api.w.org\/{rel}","templated":true}]}}